{"id":27899,"date":"2021-02-17T12:08:13","date_gmt":"2021-02-17T12:08:13","guid":{"rendered":"https:\/\/ghaliorparis.fr\/maison-principale\/"},"modified":"2025-04-13T10:55:01","modified_gmt":"2025-04-13T10:55:01","slug":"accueil","status":"publish","type":"page","link":"https:\/\/ghaliorparis.fr\/fr\/","title":{"rendered":"Page d&#8217;accueil"},"content":{"rendered":"<p><strong>Poids net : 9ML<\/strong><\/p>\n<p><strong>Dites BYE aux cernes !<\/strong><\/p>\n<p>Obtenez instantan\u00e9ment une couverture professionnelle sans faille.<\/p>\n<p>\u2605 \u2605 \u2605 \u2605 \u2605 5\/5 (21)<\/p>\n<p>\u26df Livraison rapide<\/p>\n<p>Produit v\u00e9g\u00e9talien<\/p>\n<p><strong class=\"texte-flottant\">D\u00e9p\u00eachez-vous ! Il ne reste plus que 5 articles \u2757<\/strong>&hellip; <a href=\"https:\/\/ghaliorparis.fr\/fr\/product\/blur-fix-correcteur\/\" class=\"read-more\">Read the rest <\/a><\/p>","protected":false},"excerpt":{"rendered":"<p><strong>Poids net : 9ML<\/strong><\/p>\n<p><strong>Dites BYE aux cernes !<\/strong><\/p>\n<p>Obtenez instantan\u00e9ment une couverture professionnelle sans faille.<\/p>\n<p>\u2605 \u2605 \u2605 \u2605 \u2605 5\/5 (21)<\/p>\n<p>\u26df Livraison rapide<\/p>\n<p>Produit v\u00e9g\u00e9talien<\/p>\n<p><strong class=\"texte-flottant\">D\u00e9p\u00eachez-vous ! Il ne reste plus que 5 articles \u2757<\/strong>&hellip; <a href=\"https:\/\/ghaliorparis.fr\/fr\/product\/blur-fix-correcteur\/\" class=\"read-more\">Read the rest <\/a><\/p>","protected":false},"author":1,"featured_media":0,"parent":0,"menu_order":0,"comment_status":"closed","ping_status":"closed","template":"page-full-width.php","meta":{"footnotes":""},"class_list":["post-27899","page","type-page","status-publish","hentry"],"yoast_head":"<!-- This site is optimized with the Yoast SEO plugin v27.5 - https:\/\/yoast.com\/product\/yoast-seo-wordpress\/ -->\n<title>Ghali&#039;or Paris : Maquillage haut de gamme pour des looks sophistiqu\u00e9s<\/title>\n<meta name=\"description\" content=\"Am\u00e9liorez votre maquillage avec Ghali&#039;or Paris. Nos textures velout\u00e9es et nos pigments audacieux cr\u00e9ent des looks \u00e9poustouflants. Magasinez notre derni\u00e8re collection !\" \/>\n<meta name=\"robots\" content=\"index, follow, max-snippet:-1, max-image-preview:large, max-video-preview:-1\" \/>\n<link rel=\"canonical\" href=\"https:\/\/ghaliorparis.fr\/fr\/\" \/>\n<meta property=\"og:locale\" content=\"fr_FR\" \/>\n<meta property=\"og:type\" content=\"article\" \/>\n<meta property=\"og:title\" content=\"Ghali&#039;or Paris : Maquillage haut de gamme pour des looks sophistiqu\u00e9s\" \/>\n<meta property=\"og:description\" content=\"Am\u00e9liorez votre maquillage avec Ghali&#039;or Paris. Nos textures velout\u00e9es et nos pigments audacieux cr\u00e9ent des looks \u00e9poustouflants. Magasinez notre derni\u00e8re collection !\" \/>\n<meta property=\"og:url\" content=\"https:\/\/ghaliorparis.fr\/fr\/\" \/>\n<meta property=\"og:site_name\" content=\"Ghali&#039;or Paris\" \/>\n<meta property=\"article:publisher\" content=\"https:\/\/www.facebook.com\/Ghalior\/\" \/>\n<meta property=\"article:modified_time\" content=\"2025-04-13T10:55:01+00:00\" \/>\n<meta property=\"og:image\" content=\"https:\/\/ghaliorparis.fr\/wp-content\/uploads\/imag\/pr\/INK-Eyeline1-300x300.jpg\" \/>\n<meta name=\"twitter:card\" content=\"summary_large_image\" \/>\n<meta name=\"twitter:label1\" content=\"Dur\u00e9e de lecture estim\u00e9e\" \/>\n\t<meta name=\"twitter:data1\" content=\"48 minutes\" \/>\n<!-- \/ Yoast SEO plugin. -->","yoast_head_json":{"title":"Ghali'or Paris : Maquillage haut de gamme pour des looks sophistiqu\u00e9s","description":"Am\u00e9liorez votre maquillage avec Ghali'or Paris. Nos textures velout\u00e9es et nos pigments audacieux cr\u00e9ent des looks \u00e9poustouflants. Magasinez notre derni\u00e8re collection !","robots":{"index":"index","follow":"follow","max-snippet":"max-snippet:-1","max-image-preview":"max-image-preview:large","max-video-preview":"max-video-preview:-1"},"canonical":"https:\/\/ghaliorparis.fr\/fr\/","og_locale":"fr_FR","og_type":"article","og_title":"Ghali'or Paris : Maquillage haut de gamme pour des looks sophistiqu\u00e9s","og_description":"Am\u00e9liorez votre maquillage avec Ghali'or Paris. Nos textures velout\u00e9es et nos pigments audacieux cr\u00e9ent des looks \u00e9poustouflants. Magasinez notre derni\u00e8re collection !","og_url":"https:\/\/ghaliorparis.fr\/fr\/","og_site_name":"Ghali'or Paris","article_publisher":"https:\/\/www.facebook.com\/Ghalior\/","article_modified_time":"2025-04-13T10:55:01+00:00","og_image":[{"url":"https:\/\/ghaliorparis.fr\/wp-content\/uploads\/imag\/pr\/INK-Eyeline1-300x300.jpg","type":"","width":"","height":""}],"twitter_card":"summary_large_image","twitter_misc":{"Dur\u00e9e de lecture estim\u00e9e":"48 minutes"},"schema":{"@context":"https:\/\/schema.org","@graph":[{"@type":"WebPage","@id":"https:\/\/ghaliorparis.fr\/fr\/","url":"https:\/\/ghaliorparis.fr\/fr\/","name":"Ghali'or Paris : Maquillage haut de gamme pour des looks sophistiqu\u00e9s","isPartOf":{"@id":"https:\/\/ghaliorparis.fr\/#website"},"primaryImageOfPage":{"@id":"https:\/\/ghaliorparis.fr\/fr\/#primaryimage"},"image":{"@id":"https:\/\/ghaliorparis.fr\/fr\/#primaryimage"},"thumbnailUrl":"https:\/\/ghaliorparis.fr\/wp-content\/uploads\/imag\/pr\/INK-Eyeline1-300x300.jpg","datePublished":"2021-02-17T12:08:13+00:00","dateModified":"2025-04-13T10:55:01+00:00","description":"Am\u00e9liorez votre maquillage avec Ghali'or Paris. Nos textures velout\u00e9es et nos pigments audacieux cr\u00e9ent des looks \u00e9poustouflants. Magasinez notre derni\u00e8re collection !","breadcrumb":{"@id":"https:\/\/ghaliorparis.fr\/fr\/#breadcrumb"},"inLanguage":"fr-FR","potentialAction":[{"@type":"ReadAction","target":["https:\/\/ghaliorparis.fr\/fr\/"]}]},{"@type":"ImageObject","inLanguage":"fr-FR","@id":"https:\/\/ghaliorparis.fr\/fr\/#primaryimage","url":"https:\/\/ghaliorparis.fr\/wp-content\/uploads\/imag\/pr\/INK-Eyeline1-300x300.jpg","contentUrl":"https:\/\/ghaliorparis.fr\/wp-content\/uploads\/imag\/pr\/INK-Eyeline1-300x300.jpg"},{"@type":"BreadcrumbList","@id":"https:\/\/ghaliorparis.fr\/fr\/#breadcrumb","itemListElement":[{"@type":"ListItem","position":1,"name":"Accueil","item":"https:\/\/ghaliorparis.fr\/fr\/"},{"@type":"ListItem","position":2,"name":"Page d&#8217;accueil"}]},{"@type":"WebSite","@id":"https:\/\/ghaliorparis.fr\/#website","url":"https:\/\/ghaliorparis.fr\/","name":"Ghalior Paris","description":"","publisher":{"@id":"https:\/\/ghaliorparis.fr\/#organization"},"potentialAction":[{"@type":"SearchAction","target":{"@type":"EntryPoint","urlTemplate":"https:\/\/ghaliorparis.fr\/?s={search_term_string}"},"query-input":{"@type":"PropertyValueSpecification","valueRequired":true,"valueName":"search_term_string"}}],"inLanguage":"fr-FR"},{"@type":"Organization","@id":"https:\/\/ghaliorparis.fr\/#organization","name":"Ghali'or Paris","alternateName":"Ghalior Paris","url":"https:\/\/ghaliorparis.fr\/","logo":{"@type":"ImageObject","inLanguage":"fr-FR","@id":"https:\/\/ghaliorparis.fr\/#\/schema\/logo\/image\/","url":"https:\/\/ghaliorparis.fr\/wp-content\/uploads\/2025\/01\/Logo-ghalior-paris.png","contentUrl":"https:\/\/ghaliorparis.fr\/wp-content\/uploads\/2025\/01\/Logo-ghalior-paris.png","width":2343,"height":973,"caption":"Ghali'or Paris"},"image":{"@id":"https:\/\/ghaliorparis.fr\/#\/schema\/logo\/image\/"},"sameAs":["https:\/\/www.facebook.com\/Ghalior\/","https:\/\/www.instagram.com\/ghaliorparis\/","https:\/\/www.tiktok.com\/@ghaliorparis"]}]}},"_links":{"self":[{"href":"https:\/\/ghaliorparis.fr\/fr\/wp-json\/wp\/v2\/pages\/27899","targetHints":{"allow":["GET"]}}],"collection":[{"href":"https:\/\/ghaliorparis.fr\/fr\/wp-json\/wp\/v2\/pages"}],"about":[{"href":"https:\/\/ghaliorparis.fr\/fr\/wp-json\/wp\/v2\/types\/page"}],"author":[{"embeddable":true,"href":"https:\/\/ghaliorparis.fr\/fr\/wp-json\/wp\/v2\/users\/1"}],"replies":[{"embeddable":true,"href":"https:\/\/ghaliorparis.fr\/fr\/wp-json\/wp\/v2\/comments?post=27899"}],"version-history":[{"count":15,"href":"https:\/\/ghaliorparis.fr\/fr\/wp-json\/wp\/v2\/pages\/27899\/revisions"}],"predecessor-version":[{"id":30950,"href":"https:\/\/ghaliorparis.fr\/fr\/wp-json\/wp\/v2\/pages\/27899\/revisions\/30950"}],"wp:attachment":[{"href":"https:\/\/ghaliorparis.fr\/fr\/wp-json\/wp\/v2\/media?parent=27899"}],"curies":[{"name":"wp","href":"https:\/\/api.w.org\/{rel}","templated":true}]}}