{"id":30539,"date":"2025-02-21T14:56:19","date_gmt":"2025-02-21T14:56:19","guid":{"rendered":"https:\/\/ghaliorparis.fr\/product\/no-02-powder-brush\/"},"modified":"2025-04-14T11:48:54","modified_gmt":"2025-04-14T11:48:54","slug":"pinceau-a-poudre-no-02","status":"publish","type":"product","link":"https:\/\/ghaliorparis.fr\/fr\/product\/pinceau-a-poudre-no-02\/","title":{"rendered":"No 02 <br>pinceau \u00e0 poudre"},"content":{"rendered":"<h2 style=\"font-size: 22px; display: block;\"><strong>pinceau \u00e0 poudre No 02 &#8211; Pour une Finition Homog\u00e8ne et Effet A\u00e9rographe<\/strong><\/h2>\n<p data-start=\"164\" data-end=\"485\">Obtenez un teint impeccable et sans traces avec le <strong>pinceau \u00e0 poudre No 02<\/strong>. Con\u00e7u pour estomper sans effort, ce pinceau pelucheux et bomb\u00e9 est parfait pour diffuser uniform\u00e9ment les produits en poudre sur votre peau. Qu&#8217;il s&#8217;agisse d&#8217;appliquer une poudre compacte ou un highlighter press\u00e9, il assure un fini lisse et naturel.<\/p>\n<h3 style=\"font-size: 19px; display: block;\">Un pinceau \u00e0 poudre haute performance pour des r\u00e9sultats professionnels<\/h3>\n<p data-start=\"552\" data-end=\"890\">Fabriqu\u00e9e avec des poils synth\u00e9tiques 100 % v\u00e9g\u00e9taliens, cette brosse imite la douceur et l&#8217;efficacit\u00e9 des poils naturels. Son design en forme de d\u00f4me, tr\u00e8s dense, permet de pr\u00e9lever facilement le produit et de l&#8217;appliquer uniform\u00e9ment. Ce pinceau glisse sans effort sur la peau, offrant un voile de couleur doux et diffus sans accentuer les pores.<\/p>\n<h3 style=\"font-size: 19px; display: block;\">Pourquoi vous l&#8217;aimerez<\/h3>\n<ul data-start=\"940\" data-end=\"1524\">\n<li data-start=\"940\" data-end=\"1035\"><strong data-start=\"932\" data-end=\"963\">Application uniforme et diffuse<\/strong> &#8211; La forme bomb\u00e9e permet d&#8217;estomper sans traces.<\/li>\n<li data-start=\"1036\" data-end=\"1171\"><strong data-start=\"1016\" data-end=\"1038\">Couvrance modulable<\/strong> &#8211; Superposez les poudres pour obtenir un fini naturel ou couvrant.<\/li>\n<li data-start=\"1172\" data-end=\"1273\"><strong data-start=\"1109\" data-end=\"1140\">Ultra-doux et respectueux de l&#8217;environnement<\/strong> &#8211; Fabriqu\u00e9 avec des fibres synth\u00e9tiques de haute qualit\u00e9 et sans cruaut\u00e9.<\/li>\n<li data-start=\"1274\" data-end=\"1384\"><strong data-start=\"1210\" data-end=\"1238\">Design durable et \u00e9l\u00e9gant<\/strong> &#8211; La <strong data-start=\"1259\" data-end=\"1282\">poign\u00e9e en bois et en m\u00e9tal<\/strong> est robuste et offre une prise en main confortable.<\/li>\n<\/ul>\n<h3 style=\"font-size: 19px; display: block;\">L&#8217;association parfaite pour vos produits en poudre<\/h3>\n<p data-start=\"1362\" data-end=\"1563\">Ce <strong data-start=\"1366\" data-end=\"1393\">Pinceau Poudre Visage<\/strong> est id\u00e9al pour une utilisation avec <a href=\"https:\/\/ghaliorparis.fr\/product\/highlighter-lumiere\/\"><strong data-start=\"1416\" data-end=\"1467\">Highlighter Lumi\u00e8re<\/strong><\/a> et d&#8217;autres formules \u00e0 base de poudre. Am\u00e9liorez votre routine de maquillage avec des r\u00e9sultats de niveau professionnel.<\/p>\n<p data-start=\"1565\" data-end=\"1659\" data-is-last-node=\"\" data-is-only-node=\"\"><strong data-start=\"1565\" data-end=\"1659\" data-is-last-node=\"\">Faites l&#8217;exp\u00e9rience d&#8217;un m\u00e9lange sans effort et de la perfection d&#8217;un a\u00e9rographe avec le pinceau \u00e0 poudre No 02 !<\/strong><\/p>\n","protected":false},"excerpt":{"rendered":"<p><strong data-start=\"20\" data-end=\"59\">M\u00e9langez comme un pro, brillez comme une star !<\/strong><\/p>\n<p>Ultra-doux, vegan et con\u00e7u pour la perfection \u2013 votre routine maquillage m\u00e9rite cette am\u00e9lioration !<\/p>\n<p>\u2605 \u2605 \u2605 \u2605 \u2605 5\/5 (10)<\/p>\n<p>\u26df Livraison rapide<\/p>\n<p>[edsanimate_start entry_animation_type=\"fadeIn\" entry_delay=\"0\" entry_duration=\"0.5\" entry_timing=\"linear\" exit_animation_type=\"fadeOut\" exit_delay=\"0\" exit_duration=\"0.5\" exit_timing=\"linear\" animation_repeat=\"infinite\" keep=\"yes\" animate_on=\"load\" scroll_offset=\"\" custom_css_class=\"\"]D\u00e9p\u00eachez-vous ! Il ne reste plus que 13 articles \u2757[edsanimate_end]<\/p>\n<p>&nbsp;<\/p>\n","protected":false},"featured_media":29107,"comment_status":"open","ping_status":"closed","template":"","meta":[],"product_brand":[],"product_cat":[787],"product_tag":[],"class_list":{"0":"post-30539","1":"product","2":"type-product","3":"status-publish","4":"has-post-thumbnail","6":"product_cat-pinceaux","7":"new","9":"first","10":"instock","11":"shipping-taxable","12":"purchasable","13":"product-type-simple"},"yoast_head":"<!-- This site is optimized with the Yoast SEO plugin v27.4 - https:\/\/yoast.com\/product\/yoast-seo-wordpress\/ -->\n<title>pinceau \u00e0 poudre No 02 \u2013 Estompage Parfait &amp; Finition Lisse<\/title>\n<meta name=\"description\" content=\"Obtenez un look airbrush sans traces avec le pinceau \u00e0 poudre No 02. Des poils v\u00e9g\u00e9taliens ultra-doux pour une application de poudre sans faille. Essayez-le maintenant !\" \/>\n<meta name=\"robots\" content=\"index, follow, max-snippet:-1, max-image-preview:large, max-video-preview:-1\" \/>\n<link rel=\"canonical\" href=\"https:\/\/ghaliorparis.fr\/fr\/product\/pinceau-a-poudre-no-02\/\" \/>\n<meta property=\"og:locale\" content=\"fr_FR\" \/>\n<meta property=\"og:type\" content=\"article\" \/>\n<meta property=\"og:title\" content=\"pinceau \u00e0 poudre No 02 \u2013 Estompage Parfait &amp; Finition Lisse\" \/>\n<meta property=\"og:description\" content=\"Obtenez un look airbrush sans traces avec le pinceau \u00e0 poudre No 02. Des poils v\u00e9g\u00e9taliens ultra-doux pour une application de poudre sans faille. Essayez-le maintenant !\" \/>\n<meta property=\"og:url\" content=\"https:\/\/ghaliorparis.fr\/fr\/product\/pinceau-a-poudre-no-02\/\" \/>\n<meta property=\"og:site_name\" content=\"Ghali&#039;or Paris\" \/>\n<meta property=\"article:publisher\" content=\"https:\/\/www.facebook.com\/Ghalior\/\" \/>\n<meta property=\"article:modified_time\" content=\"2025-04-14T11:48:54+00:00\" \/>\n<meta property=\"og:image\" content=\"https:\/\/ghaliorparis.fr\/wp-content\/uploads\/2025\/02\/brush02-scaled.jpg\" \/>\n\t<meta property=\"og:image:width\" content=\"2560\" \/>\n\t<meta property=\"og:image:height\" content=\"1706\" \/>\n\t<meta property=\"og:image:type\" content=\"image\/jpeg\" \/>\n<meta name=\"twitter:card\" content=\"summary_large_image\" \/>\n<meta name=\"twitter:label1\" content=\"Dur\u00e9e de lecture estim\u00e9e\" \/>\n\t<meta name=\"twitter:data1\" content=\"2 minutes\" \/>\n<!-- \/ Yoast SEO plugin. -->","yoast_head_json":{"title":"pinceau \u00e0 poudre No 02 \u2013 Estompage Parfait & Finition Lisse","description":"Obtenez un look airbrush sans traces avec le pinceau \u00e0 poudre No 02. Des poils v\u00e9g\u00e9taliens ultra-doux pour une application de poudre sans faille. Essayez-le maintenant !","robots":{"index":"index","follow":"follow","max-snippet":"max-snippet:-1","max-image-preview":"max-image-preview:large","max-video-preview":"max-video-preview:-1"},"canonical":"https:\/\/ghaliorparis.fr\/fr\/product\/pinceau-a-poudre-no-02\/","og_locale":"fr_FR","og_type":"article","og_title":"pinceau \u00e0 poudre No 02 \u2013 Estompage Parfait & Finition Lisse","og_description":"Obtenez un look airbrush sans traces avec le pinceau \u00e0 poudre No 02. Des poils v\u00e9g\u00e9taliens ultra-doux pour une application de poudre sans faille. Essayez-le maintenant !","og_url":"https:\/\/ghaliorparis.fr\/fr\/product\/pinceau-a-poudre-no-02\/","og_site_name":"Ghali'or Paris","article_publisher":"https:\/\/www.facebook.com\/Ghalior\/","article_modified_time":"2025-04-14T11:48:54+00:00","og_image":[{"width":2560,"height":1706,"url":"https:\/\/ghaliorparis.fr\/wp-content\/uploads\/2025\/02\/brush02-scaled.jpg","type":"image\/jpeg"}],"twitter_card":"summary_large_image","twitter_misc":{"Dur\u00e9e de lecture estim\u00e9e":"2 minutes"},"schema":{"@context":"https:\/\/schema.org","@graph":[{"@type":"WebPage","@id":"https:\/\/ghaliorparis.fr\/fr\/product\/pinceau-a-poudre-no-02\/","url":"https:\/\/ghaliorparis.fr\/fr\/product\/pinceau-a-poudre-no-02\/","name":"pinceau \u00e0 poudre No 02 \u2013 Estompage Parfait & Finition Lisse","isPartOf":{"@id":"https:\/\/ghaliorparis.fr\/#website"},"primaryImageOfPage":{"@id":"https:\/\/ghaliorparis.fr\/fr\/product\/pinceau-a-poudre-no-02\/#primaryimage"},"image":{"@id":"https:\/\/ghaliorparis.fr\/fr\/product\/pinceau-a-poudre-no-02\/#primaryimage"},"thumbnailUrl":"https:\/\/ghaliorparis.fr\/wp-content\/uploads\/2025\/02\/brush02-scaled.jpg","datePublished":"2025-02-21T14:56:19+00:00","dateModified":"2025-04-14T11:48:54+00:00","description":"Obtenez un look airbrush sans traces avec le pinceau \u00e0 poudre No 02. Des poils v\u00e9g\u00e9taliens ultra-doux pour une application de poudre sans faille. Essayez-le maintenant !","breadcrumb":{"@id":"https:\/\/ghaliorparis.fr\/fr\/product\/pinceau-a-poudre-no-02\/#breadcrumb"},"inLanguage":"fr-FR","potentialAction":[{"@type":"ReadAction","target":["https:\/\/ghaliorparis.fr\/fr\/product\/pinceau-a-poudre-no-02\/"]}]},{"@type":"ImageObject","inLanguage":"fr-FR","@id":"https:\/\/ghaliorparis.fr\/fr\/product\/pinceau-a-poudre-no-02\/#primaryimage","url":"https:\/\/ghaliorparis.fr\/wp-content\/uploads\/2025\/02\/brush02-scaled.jpg","contentUrl":"https:\/\/ghaliorparis.fr\/wp-content\/uploads\/2025\/02\/brush02-scaled.jpg","width":2560,"height":1706,"caption":"No 02 Powder Brush"},{"@type":"BreadcrumbList","@id":"https:\/\/ghaliorparis.fr\/fr\/product\/pinceau-a-poudre-no-02\/#breadcrumb","itemListElement":[{"@type":"ListItem","position":1,"name":"Accueil","item":"https:\/\/ghaliorparis.fr\/fr\/"},{"@type":"ListItem","position":2,"name":"Boutique","item":"https:\/\/ghaliorparis.fr\/fr\/boutique\/"},{"@type":"ListItem","position":3,"name":"Pinceaux","item":"https:\/\/ghaliorparis.fr\/fr\/categorie-produit\/pinceaux\/"},{"@type":"ListItem","position":4,"name":"No 02 pinceau \u00e0 poudre"}]},{"@type":"WebSite","@id":"https:\/\/ghaliorparis.fr\/#website","url":"https:\/\/ghaliorparis.fr\/","name":"Ghalior Paris","description":"","publisher":{"@id":"https:\/\/ghaliorparis.fr\/#organization"},"potentialAction":[{"@type":"SearchAction","target":{"@type":"EntryPoint","urlTemplate":"https:\/\/ghaliorparis.fr\/?s={search_term_string}"},"query-input":{"@type":"PropertyValueSpecification","valueRequired":true,"valueName":"search_term_string"}}],"inLanguage":"fr-FR"},{"@type":"Organization","@id":"https:\/\/ghaliorparis.fr\/#organization","name":"Ghali'or Paris","alternateName":"Ghalior Paris","url":"https:\/\/ghaliorparis.fr\/","logo":{"@type":"ImageObject","inLanguage":"fr-FR","@id":"https:\/\/ghaliorparis.fr\/#\/schema\/logo\/image\/","url":"https:\/\/ghaliorparis.fr\/wp-content\/uploads\/2025\/01\/Logo-ghalior-paris.png","contentUrl":"https:\/\/ghaliorparis.fr\/wp-content\/uploads\/2025\/01\/Logo-ghalior-paris.png","width":2343,"height":973,"caption":"Ghali'or Paris"},"image":{"@id":"https:\/\/ghaliorparis.fr\/#\/schema\/logo\/image\/"},"sameAs":["https:\/\/www.facebook.com\/Ghalior\/","https:\/\/www.instagram.com\/ghaliorparis\/","https:\/\/www.tiktok.com\/@ghaliorparis"]}]}},"_links":{"self":[{"href":"https:\/\/ghaliorparis.fr\/fr\/wp-json\/wp\/v2\/product\/30539","targetHints":{"allow":["GET"]}}],"collection":[{"href":"https:\/\/ghaliorparis.fr\/fr\/wp-json\/wp\/v2\/product"}],"about":[{"href":"https:\/\/ghaliorparis.fr\/fr\/wp-json\/wp\/v2\/types\/product"}],"replies":[{"embeddable":true,"href":"https:\/\/ghaliorparis.fr\/fr\/wp-json\/wp\/v2\/comments?post=30539"}],"wp:featuredmedia":[{"embeddable":true,"href":"https:\/\/ghaliorparis.fr\/fr\/wp-json\/wp\/v2\/media\/29107"}],"wp:attachment":[{"href":"https:\/\/ghaliorparis.fr\/fr\/wp-json\/wp\/v2\/media?parent=30539"}],"wp:term":[{"taxonomy":"product_brand","embeddable":true,"href":"https:\/\/ghaliorparis.fr\/fr\/wp-json\/wp\/v2\/product_brand?post=30539"},{"taxonomy":"product_cat","embeddable":true,"href":"https:\/\/ghaliorparis.fr\/fr\/wp-json\/wp\/v2\/product_cat?post=30539"},{"taxonomy":"product_tag","embeddable":true,"href":"https:\/\/ghaliorparis.fr\/fr\/wp-json\/wp\/v2\/product_tag?post=30539"}],"curies":[{"name":"wp","href":"https:\/\/api.w.org\/{rel}","templated":true}]}}